{"id":65,"date":"2024-09-19T09:45:41","date_gmt":"2024-09-19T09:45:41","guid":{"rendered":"https:\/\/www.violinistaparafunerales.com\/?page_id=65"},"modified":"2024-09-24T16:48:58","modified_gmt":"2024-09-24T16:48:58","slug":"musica","status":"publish","type":"page","link":"https:\/\/www.violinistaparafunerales.com\/index.php\/musica\/","title":{"rendered":"M\u00fasica"},"content":{"rendered":"\n<p>Los ejemplos de la m\u00fasica que hago est\u00e1n grabados en un estudio profesional por m\u00ed misma (no utilizo ejemplos de otras personas o webs). La lista no es exhaustiva. <\/p>\n\n\n\n<p>En algunos casos, puedo tener en cuenta algunas peticiones especiales, seg\u00fan la m\u00fasica y previa conversaci\u00f3n.<\/p>\n\n\n\n<h2 class=\"wp-block-heading\"><br>Solo de viola de 5 cuerdas:<\/h2>\n\n\n\n<ul class=\"wp-block-list\">\n<li>Bach: Sarabanda en Sol mayor<\/li>\n<\/ul>\n\n\n\n<figure class=\"wp-block-audio\"><audio controls src=\"https:\/\/www.violinistaparafunerales.com\/wp-content\/uploads\/2024\/09\/BACH_SARABANDA.mp3.mp3\"><\/audio><\/figure>\n\n\n\n<ul class=\"wp-block-list\">\n<li>M\u00e1s cerca oh, Dios, de ti<\/li>\n<\/ul>\n\n\n\n<figure class=\"wp-block-audio\"><audio controls src=\"https:\/\/www.violinistaparafunerales.com\/wp-content\/uploads\/2024\/09\/MARISA-MARTINEZ-ESPARZA-SEP-2024-MAS-CERCA-FRAGMENTO.mp3\"><\/audio><\/figure>\n\n\n\n<ul class=\"wp-block-list\">\n<li>Signore delle cime<\/li>\n<\/ul>\n\n\n\n<figure class=\"wp-block-audio\"><audio controls src=\"https:\/\/www.violinistaparafunerales.com\/wp-content\/uploads\/2024\/09\/MARISA-MARTINEZ-ESPARZA-SEP-2024-SIGNORE-DELLE-CIME-FRAGMENTO.mp3\"><\/audio><\/figure>\n\n\n\n<ul class=\"wp-block-list\">\n<li>Aurtxo Polita<\/li>\n<\/ul>\n\n\n\n<figure class=\"wp-block-audio\"><audio controls src=\"https:\/\/www.violinistaparafunerales.com\/wp-content\/uploads\/2024\/09\/MARISA-MARTINEZ-ESPARZA-SEP-2024-AURTXO-POLITA-FRAGMENTO.mp3\"><\/audio><\/figure>\n\n\n\n<h2 class=\"wp-block-heading\">Viola de 5 cuerdas y canto (interpretado simult\u00e1neamente por m\u00ed misma):<\/h2>\n\n\n\n<ul class=\"wp-block-list\">\n<li>Lloyd Weber: Pie Jesu<\/li>\n<\/ul>\n\n\n\n<figure class=\"wp-block-audio\"><audio controls src=\"https:\/\/www.violinistaparafunerales.com\/wp-content\/uploads\/2024\/09\/MARISA-MARTINEZ-ESPARZA-SEP-2024-PIE-JESU-FRAGMENTO.mp3\"><\/audio><\/figure>\n\n\n\n<ul class=\"wp-block-list\">\n<li>Hildegarda de Bingen: Caritas habundat in omnia<\/li>\n<\/ul>\n\n\n\n<figure class=\"wp-block-audio\"><audio controls src=\"https:\/\/www.violinistaparafunerales.com\/wp-content\/uploads\/2024\/09\/MARISA-MARTINEZ-ESPARZA-SEP-2024-CARITAS-FRAGMENTO.mp3\"><\/audio><\/figure>\n\n\n\n<h2 class=\"wp-block-heading\">Solo de viol\u00edn<\/h2>\n\n\n\n<ul class=\"wp-block-list\">\n<li>Bach: Andante en Do mayor<\/li>\n<\/ul>\n\n\n\n<figure class=\"wp-block-audio\"><audio controls src=\"https:\/\/www.violinistaparafunerales.com\/wp-content\/uploads\/2024\/09\/MARISA-MARTINEZ-ESPARZA-SEP-2024-ANDANTE-DE-LA-SONATA-FRAGMENTO.mp3\"><\/audio><\/figure>\n\n\n\n<ul class=\"wp-block-list\">\n<li>Bach: Chacona en Re menor<\/li>\n<\/ul>\n\n\n\n<figure class=\"wp-block-audio\"><audio controls src=\"https:\/\/www.violinistaparafunerales.com\/wp-content\/uploads\/2024\/09\/MARISA-MARTINEZ-ESPARZA-SEP-2024-CHACONA-FRAGMENTO.mp3\"><\/audio><\/figure>\n\n\n\n<ul class=\"wp-block-list\">\n<li>Biber: Pasacalle \u201cEl \u00e1ngel de la guarda\u201d<\/li>\n<\/ul>\n\n\n\n<figure class=\"wp-block-audio\"><audio controls src=\"https:\/\/www.violinistaparafunerales.com\/wp-content\/uploads\/2024\/09\/MARISA-MARTINEZ-ESPARZA-SEP-2024-PASACALLE-BIBER-FRAGMENTO.mp3\"><\/audio><\/figure>\n\n\n\n<p><\/p>\n\n\n\n<div class=\"wp-block-buttons is-content-justification-center is-layout-flex wp-container-core-buttons-is-layout-a89b3969 wp-block-buttons-is-layout-flex\">\n<div class=\"wp-block-button has-custom-width wp-block-button__width-75\"><a class=\"wp-block-button__link wp-element-button\" href=\"https:\/\/www.violinistaparafunerales.com\/index.php\/presupuesto\/\">Solicita presupuesto<\/a><\/div>\n<\/div>\n\n\n\n<p><\/p>\n\n\n\n<p><\/p>\n","protected":false},"excerpt":{"rendered":"<p>Los ejemplos de la m\u00fasica que hago est\u00e1n grabados en un estudio profesional por m\u00ed misma (no utilizo ejemplos de otras personas o webs). La lista no es exhaustiva. En algunos casos, puedo tener en cuenta algunas peticiones especiales, seg\u00fan la m\u00fasica y previa conversaci\u00f3n. Solo de viola de 5 cuerdas: Viola de 5 cuerdas &hellip; <\/p>\n<p class=\"link-more\"><a href=\"https:\/\/www.violinistaparafunerales.com\/index.php\/musica\/\" class=\"more-link\">Leer m\u00e1s<span class=\"screen-reader-text\"> \u00abM\u00fasica\u00bb<\/span><\/a><\/p>\n","protected":false},"author":1,"featured_media":0,"parent":0,"menu_order":0,"comment_status":"closed","ping_status":"closed","template":"","meta":{"footnotes":""},"class_list":["post-65","page","type-page","status-publish","hentry"],"yoast_head":"<!-- This site is optimized with the Yoast SEO plugin v27.1.1 - https:\/\/yoast.com\/product\/yoast-seo-wordpress\/ -->\n<title>M\u00fasica - Violista para funerales<\/title>\n<meta name=\"robots\" content=\"index, follow, max-snippet:-1, max-image-preview:large, max-video-preview:-1\" \/>\n<link rel=\"canonical\" href=\"https:\/\/www.violinistaparafunerales.com\/index.php\/musica\/\" \/>\n<meta property=\"og:locale\" content=\"es_ES\" \/>\n<meta property=\"og:type\" content=\"article\" \/>\n<meta property=\"og:title\" content=\"M\u00fasica - Violista para funerales\" \/>\n<meta property=\"og:description\" content=\"Los ejemplos de la m\u00fasica que hago est\u00e1n grabados en un estudio profesional por m\u00ed misma (no utilizo ejemplos de otras personas o webs). La lista no es exhaustiva. En algunos casos, puedo tener en cuenta algunas peticiones especiales, seg\u00fan la m\u00fasica y previa conversaci\u00f3n. Solo de viola de 5 cuerdas: Viola de 5 cuerdas &hellip; Leer m\u00e1s \u00abM\u00fasica\u00bb\" \/>\n<meta property=\"og:url\" content=\"https:\/\/www.violinistaparafunerales.com\/index.php\/musica\/\" \/>\n<meta property=\"og:site_name\" content=\"Violista para funerales\" \/>\n<meta property=\"article:modified_time\" content=\"2024-09-24T16:48:58+00:00\" \/>\n<meta name=\"twitter:card\" content=\"summary_large_image\" \/>\n<meta name=\"twitter:label1\" content=\"Tiempo de lectura\" \/>\n\t<meta name=\"twitter:data1\" content=\"1 minuto\" \/>\n<script type=\"application\/ld+json\" class=\"yoast-schema-graph\">{\"@context\":\"https:\/\/schema.org\",\"@graph\":[{\"@type\":\"WebPage\",\"@id\":\"https:\/\/www.violinistaparafunerales.com\/index.php\/musica\/\",\"url\":\"https:\/\/www.violinistaparafunerales.com\/index.php\/musica\/\",\"name\":\"M\u00fasica - Violista para funerales\",\"isPartOf\":{\"@id\":\"https:\/\/www.violinistaparafunerales.com\/#website\"},\"datePublished\":\"2024-09-19T09:45:41+00:00\",\"dateModified\":\"2024-09-24T16:48:58+00:00\",\"breadcrumb\":{\"@id\":\"https:\/\/www.violinistaparafunerales.com\/index.php\/musica\/#breadcrumb\"},\"inLanguage\":\"es\",\"potentialAction\":[{\"@type\":\"ReadAction\",\"target\":[\"https:\/\/www.violinistaparafunerales.com\/index.php\/musica\/\"]}]},{\"@type\":\"BreadcrumbList\",\"@id\":\"https:\/\/www.violinistaparafunerales.com\/index.php\/musica\/#breadcrumb\",\"itemListElement\":[{\"@type\":\"ListItem\",\"position\":1,\"name\":\"Portada\",\"item\":\"https:\/\/www.violinistaparafunerales.com\/\"},{\"@type\":\"ListItem\",\"position\":2,\"name\":\"M\u00fasica\"}]},{\"@type\":\"WebSite\",\"@id\":\"https:\/\/www.violinistaparafunerales.com\/#website\",\"url\":\"https:\/\/www.violinistaparafunerales.com\/\",\"name\":\"Violista para funerales\",\"description\":\"Violinista para funerales en Madrid - Contrata a un m&uacute;sico profesional para ceremonias f&uacute;nebres\",\"publisher\":{\"@id\":\"https:\/\/www.violinistaparafunerales.com\/#organization\"},\"potentialAction\":[{\"@type\":\"SearchAction\",\"target\":{\"@type\":\"EntryPoint\",\"urlTemplate\":\"https:\/\/www.violinistaparafunerales.com\/?s={search_term_string}\"},\"query-input\":{\"@type\":\"PropertyValueSpecification\",\"valueRequired\":true,\"valueName\":\"search_term_string\"}}],\"inLanguage\":\"es\"},{\"@type\":\"Organization\",\"@id\":\"https:\/\/www.violinistaparafunerales.com\/#organization\",\"name\":\"Violista para funerales\",\"url\":\"https:\/\/www.violinistaparafunerales.com\/\",\"logo\":{\"@type\":\"ImageObject\",\"inLanguage\":\"es\",\"@id\":\"https:\/\/www.violinistaparafunerales.com\/#\/schema\/logo\/image\/\",\"url\":\"https:\/\/www.violinistaparafunerales.com\/wp-content\/uploads\/2024\/09\/logo_violinista_funerales.png\",\"contentUrl\":\"https:\/\/www.violinistaparafunerales.com\/wp-content\/uploads\/2024\/09\/logo_violinista_funerales.png\",\"width\":100,\"height\":100,\"caption\":\"Violista para funerales\"},\"image\":{\"@id\":\"https:\/\/www.violinistaparafunerales.com\/#\/schema\/logo\/image\/\"}}]}<\/script>\n<!-- \/ Yoast SEO plugin. -->","yoast_head_json":{"title":"M\u00fasica - Violista para funerales","robots":{"index":"index","follow":"follow","max-snippet":"max-snippet:-1","max-image-preview":"max-image-preview:large","max-video-preview":"max-video-preview:-1"},"canonical":"https:\/\/www.violinistaparafunerales.com\/index.php\/musica\/","og_locale":"es_ES","og_type":"article","og_title":"M\u00fasica - Violista para funerales","og_description":"Los ejemplos de la m\u00fasica que hago est\u00e1n grabados en un estudio profesional por m\u00ed misma (no utilizo ejemplos de otras personas o webs). La lista no es exhaustiva. En algunos casos, puedo tener en cuenta algunas peticiones especiales, seg\u00fan la m\u00fasica y previa conversaci\u00f3n. Solo de viola de 5 cuerdas: Viola de 5 cuerdas &hellip; Leer m\u00e1s \u00abM\u00fasica\u00bb","og_url":"https:\/\/www.violinistaparafunerales.com\/index.php\/musica\/","og_site_name":"Violista para funerales","article_modified_time":"2024-09-24T16:48:58+00:00","twitter_card":"summary_large_image","twitter_misc":{"Tiempo de lectura":"1 minuto"},"schema":{"@context":"https:\/\/schema.org","@graph":[{"@type":"WebPage","@id":"https:\/\/www.violinistaparafunerales.com\/index.php\/musica\/","url":"https:\/\/www.violinistaparafunerales.com\/index.php\/musica\/","name":"M\u00fasica - Violista para funerales","isPartOf":{"@id":"https:\/\/www.violinistaparafunerales.com\/#website"},"datePublished":"2024-09-19T09:45:41+00:00","dateModified":"2024-09-24T16:48:58+00:00","breadcrumb":{"@id":"https:\/\/www.violinistaparafunerales.com\/index.php\/musica\/#breadcrumb"},"inLanguage":"es","potentialAction":[{"@type":"ReadAction","target":["https:\/\/www.violinistaparafunerales.com\/index.php\/musica\/"]}]},{"@type":"BreadcrumbList","@id":"https:\/\/www.violinistaparafunerales.com\/index.php\/musica\/#breadcrumb","itemListElement":[{"@type":"ListItem","position":1,"name":"Portada","item":"https:\/\/www.violinistaparafunerales.com\/"},{"@type":"ListItem","position":2,"name":"M\u00fasica"}]},{"@type":"WebSite","@id":"https:\/\/www.violinistaparafunerales.com\/#website","url":"https:\/\/www.violinistaparafunerales.com\/","name":"Violista para funerales","description":"Violinista para funerales en Madrid - Contrata a un m&uacute;sico profesional para ceremonias f&uacute;nebres","publisher":{"@id":"https:\/\/www.violinistaparafunerales.com\/#organization"},"potentialAction":[{"@type":"SearchAction","target":{"@type":"EntryPoint","urlTemplate":"https:\/\/www.violinistaparafunerales.com\/?s={search_term_string}"},"query-input":{"@type":"PropertyValueSpecification","valueRequired":true,"valueName":"search_term_string"}}],"inLanguage":"es"},{"@type":"Organization","@id":"https:\/\/www.violinistaparafunerales.com\/#organization","name":"Violista para funerales","url":"https:\/\/www.violinistaparafunerales.com\/","logo":{"@type":"ImageObject","inLanguage":"es","@id":"https:\/\/www.violinistaparafunerales.com\/#\/schema\/logo\/image\/","url":"https:\/\/www.violinistaparafunerales.com\/wp-content\/uploads\/2024\/09\/logo_violinista_funerales.png","contentUrl":"https:\/\/www.violinistaparafunerales.com\/wp-content\/uploads\/2024\/09\/logo_violinista_funerales.png","width":100,"height":100,"caption":"Violista para funerales"},"image":{"@id":"https:\/\/www.violinistaparafunerales.com\/#\/schema\/logo\/image\/"}}]}},"_links":{"self":[{"href":"https:\/\/www.violinistaparafunerales.com\/index.php\/wp-json\/wp\/v2\/pages\/65","targetHints":{"allow":["GET"]}}],"collection":[{"href":"https:\/\/www.violinistaparafunerales.com\/index.php\/wp-json\/wp\/v2\/pages"}],"about":[{"href":"https:\/\/www.violinistaparafunerales.com\/index.php\/wp-json\/wp\/v2\/types\/page"}],"author":[{"embeddable":true,"href":"https:\/\/www.violinistaparafunerales.com\/index.php\/wp-json\/wp\/v2\/users\/1"}],"replies":[{"embeddable":true,"href":"https:\/\/www.violinistaparafunerales.com\/index.php\/wp-json\/wp\/v2\/comments?post=65"}],"version-history":[{"count":7,"href":"https:\/\/www.violinistaparafunerales.com\/index.php\/wp-json\/wp\/v2\/pages\/65\/revisions"}],"predecessor-version":[{"id":135,"href":"https:\/\/www.violinistaparafunerales.com\/index.php\/wp-json\/wp\/v2\/pages\/65\/revisions\/135"}],"wp:attachment":[{"href":"https:\/\/www.violinistaparafunerales.com\/index.php\/wp-json\/wp\/v2\/media?parent=65"}],"curies":[{"name":"wp","href":"https:\/\/api.w.org\/{rel}","templated":true}]}}