{"id":22,"date":"2024-09-10T09:56:54","date_gmt":"2024-09-10T09:56:54","guid":{"rendered":"https:\/\/www.violinistaparafunerales.com\/?page_id=22"},"modified":"2024-09-25T09:11:25","modified_gmt":"2024-09-25T09:11:25","slug":"presupuesto","status":"publish","type":"page","link":"https:\/\/www.violinistaparafunerales.com\/index.php\/presupuesto\/","title":{"rendered":"Presupuesto"},"content":{"rendered":"\n<h2 class=\"wp-block-heading\">Funerales, entierros y responsos:<\/h2>\n\n\n\n<ul class=\"wp-block-list\">\n<li>Un instrumento solo (viola o viol\u00edn): 150<\/li>\n\n\n\n<li>Dos instrumentos (viola y viol\u00edn; viola y canto): 200<\/li>\n\n\n\n<li>Tres instrumentos: (viola, viol\u00edn y canto): 250<\/li>\n<\/ul>\n\n\n\n<h2 class=\"wp-block-heading\">Velatorios: consultar (depende de la duraci\u00f3n requerida)<\/h2>\n\n\n\n<p>Se a\u00f1aden gastos de transporte (taxi) en los lugares que no tengan transporte p\u00fablico.<\/p>\n\n\n\n<p><\/p>\n\n\n\n<p>Puedes contactar conmigo para contrataciones o que te ampl\u00ede informaci\u00f3n por tel\u00e9fono o <a href=\"https:\/\/wa.me\/677541782\/?text=Buenas,%20escribo%20a%20trav%C3%A9s%20de%20su%20web%20%22Violinista%20para%20funerales%22\" target=\"_blank\" rel=\"noreferrer noopener\">whatsapp en el <strong>677 541 782<\/strong><\/a> (Marisa). Adem\u00e1s, puedes escribirme a <strong><a href=\"mailto:martinezesparzamarisa@gmail.com\">martinezesparzamarisa@gmail.com<\/a><\/strong> si prefieres que hablemos por email.<\/p>\n\n\n\n<figure class=\"wp-block-image aligncenter size-full is-resized is-style-rounded\"><img loading=\"lazy\" decoding=\"async\" width=\"500\" height=\"750\" src=\"https:\/\/www.violinistaparafunerales.com\/wp-content\/uploads\/2024\/09\/Web-funerales-2.jpg\" alt=\"M\u00fasico para funerales en Madrid\" class=\"wp-image-25\" style=\"width:320px;height:auto\" srcset=\"https:\/\/www.violinistaparafunerales.com\/wp-content\/uploads\/2024\/09\/Web-funerales-2.jpg 500w, https:\/\/www.violinistaparafunerales.com\/wp-content\/uploads\/2024\/09\/Web-funerales-2-200x300.jpg 200w\" sizes=\"auto, (max-width: 500px) 100vw, 500px\" \/><\/figure>\n","protected":false},"excerpt":{"rendered":"<p>Funerales, entierros y responsos: Velatorios: consultar (depende de la duraci\u00f3n requerida) Se a\u00f1aden gastos de transporte (taxi) en los lugares que no tengan transporte p\u00fablico. Puedes contactar conmigo para contrataciones o que te ampl\u00ede informaci\u00f3n por tel\u00e9fono o whatsapp en el 677 541 782 (Marisa). Adem\u00e1s, puedes escribirme a martinezesparzamarisa@gmail.com si prefieres que hablemos por &hellip; <\/p>\n<p class=\"link-more\"><a href=\"https:\/\/www.violinistaparafunerales.com\/index.php\/presupuesto\/\" class=\"more-link\">Leer m\u00e1s<span class=\"screen-reader-text\"> \u00abPresupuesto\u00bb<\/span><\/a><\/p>\n","protected":false},"author":1,"featured_media":0,"parent":0,"menu_order":0,"comment_status":"closed","ping_status":"closed","template":"","meta":{"footnotes":""},"class_list":["post-22","page","type-page","status-publish","hentry"],"yoast_head":"<!-- This site is optimized with the Yoast SEO plugin v27.1.1 - https:\/\/yoast.com\/product\/yoast-seo-wordpress\/ -->\n<title>Presupuesto - Violista para funerales<\/title>\n<meta name=\"robots\" content=\"index, follow, max-snippet:-1, max-image-preview:large, max-video-preview:-1\" \/>\n<link rel=\"canonical\" href=\"https:\/\/www.violinistaparafunerales.com\/index.php\/presupuesto\/\" \/>\n<meta property=\"og:locale\" content=\"es_ES\" \/>\n<meta property=\"og:type\" content=\"article\" \/>\n<meta property=\"og:title\" content=\"Presupuesto - Violista para funerales\" \/>\n<meta property=\"og:description\" content=\"Funerales, entierros y responsos: Velatorios: consultar (depende de la duraci\u00f3n requerida) Se a\u00f1aden gastos de transporte (taxi) en los lugares que no tengan transporte p\u00fablico. Puedes contactar conmigo para contrataciones o que te ampl\u00ede informaci\u00f3n por tel\u00e9fono o whatsapp en el 677 541 782 (Marisa). Adem\u00e1s, puedes escribirme a martinezesparzamarisa@gmail.com si prefieres que hablemos por &hellip; Leer m\u00e1s \u00abPresupuesto\u00bb\" \/>\n<meta property=\"og:url\" content=\"https:\/\/www.violinistaparafunerales.com\/index.php\/presupuesto\/\" \/>\n<meta property=\"og:site_name\" content=\"Violista para funerales\" \/>\n<meta property=\"article:modified_time\" content=\"2024-09-25T09:11:25+00:00\" \/>\n<meta property=\"og:image\" content=\"https:\/\/www.violinistaparafunerales.com\/wp-content\/uploads\/2024\/09\/Web-funerales-2.jpg\" \/>\n<meta name=\"twitter:card\" content=\"summary_large_image\" \/>\n<meta name=\"twitter:label1\" content=\"Tiempo de lectura\" \/>\n\t<meta name=\"twitter:data1\" content=\"1 minuto\" \/>\n<script type=\"application\/ld+json\" class=\"yoast-schema-graph\">{\"@context\":\"https:\/\/schema.org\",\"@graph\":[{\"@type\":\"WebPage\",\"@id\":\"https:\/\/www.violinistaparafunerales.com\/index.php\/presupuesto\/\",\"url\":\"https:\/\/www.violinistaparafunerales.com\/index.php\/presupuesto\/\",\"name\":\"Presupuesto - Violista para funerales\",\"isPartOf\":{\"@id\":\"https:\/\/www.violinistaparafunerales.com\/#website\"},\"primaryImageOfPage\":{\"@id\":\"https:\/\/www.violinistaparafunerales.com\/index.php\/presupuesto\/#primaryimage\"},\"image\":{\"@id\":\"https:\/\/www.violinistaparafunerales.com\/index.php\/presupuesto\/#primaryimage\"},\"thumbnailUrl\":\"https:\/\/www.violinistaparafunerales.com\/wp-content\/uploads\/2024\/09\/Web-funerales-2.jpg\",\"datePublished\":\"2024-09-10T09:56:54+00:00\",\"dateModified\":\"2024-09-25T09:11:25+00:00\",\"breadcrumb\":{\"@id\":\"https:\/\/www.violinistaparafunerales.com\/index.php\/presupuesto\/#breadcrumb\"},\"inLanguage\":\"es\",\"potentialAction\":[{\"@type\":\"ReadAction\",\"target\":[\"https:\/\/www.violinistaparafunerales.com\/index.php\/presupuesto\/\"]}]},{\"@type\":\"ImageObject\",\"inLanguage\":\"es\",\"@id\":\"https:\/\/www.violinistaparafunerales.com\/index.php\/presupuesto\/#primaryimage\",\"url\":\"https:\/\/www.violinistaparafunerales.com\/wp-content\/uploads\/2024\/09\/Web-funerales-2.jpg\",\"contentUrl\":\"https:\/\/www.violinistaparafunerales.com\/wp-content\/uploads\/2024\/09\/Web-funerales-2.jpg\",\"width\":500,\"height\":750},{\"@type\":\"BreadcrumbList\",\"@id\":\"https:\/\/www.violinistaparafunerales.com\/index.php\/presupuesto\/#breadcrumb\",\"itemListElement\":[{\"@type\":\"ListItem\",\"position\":1,\"name\":\"Portada\",\"item\":\"https:\/\/www.violinistaparafunerales.com\/\"},{\"@type\":\"ListItem\",\"position\":2,\"name\":\"Presupuesto\"}]},{\"@type\":\"WebSite\",\"@id\":\"https:\/\/www.violinistaparafunerales.com\/#website\",\"url\":\"https:\/\/www.violinistaparafunerales.com\/\",\"name\":\"Violista para funerales\",\"description\":\"Violinista para funerales en Madrid - Contrata a un m&uacute;sico profesional para ceremonias f&uacute;nebres\",\"publisher\":{\"@id\":\"https:\/\/www.violinistaparafunerales.com\/#organization\"},\"potentialAction\":[{\"@type\":\"SearchAction\",\"target\":{\"@type\":\"EntryPoint\",\"urlTemplate\":\"https:\/\/www.violinistaparafunerales.com\/?s={search_term_string}\"},\"query-input\":{\"@type\":\"PropertyValueSpecification\",\"valueRequired\":true,\"valueName\":\"search_term_string\"}}],\"inLanguage\":\"es\"},{\"@type\":\"Organization\",\"@id\":\"https:\/\/www.violinistaparafunerales.com\/#organization\",\"name\":\"Violista para funerales\",\"url\":\"https:\/\/www.violinistaparafunerales.com\/\",\"logo\":{\"@type\":\"ImageObject\",\"inLanguage\":\"es\",\"@id\":\"https:\/\/www.violinistaparafunerales.com\/#\/schema\/logo\/image\/\",\"url\":\"https:\/\/www.violinistaparafunerales.com\/wp-content\/uploads\/2024\/09\/logo_violinista_funerales.png\",\"contentUrl\":\"https:\/\/www.violinistaparafunerales.com\/wp-content\/uploads\/2024\/09\/logo_violinista_funerales.png\",\"width\":100,\"height\":100,\"caption\":\"Violista para funerales\"},\"image\":{\"@id\":\"https:\/\/www.violinistaparafunerales.com\/#\/schema\/logo\/image\/\"}}]}<\/script>\n<!-- \/ Yoast SEO plugin. -->","yoast_head_json":{"title":"Presupuesto - Violista para funerales","robots":{"index":"index","follow":"follow","max-snippet":"max-snippet:-1","max-image-preview":"max-image-preview:large","max-video-preview":"max-video-preview:-1"},"canonical":"https:\/\/www.violinistaparafunerales.com\/index.php\/presupuesto\/","og_locale":"es_ES","og_type":"article","og_title":"Presupuesto - Violista para funerales","og_description":"Funerales, entierros y responsos: Velatorios: consultar (depende de la duraci\u00f3n requerida) Se a\u00f1aden gastos de transporte (taxi) en los lugares que no tengan transporte p\u00fablico. Puedes contactar conmigo para contrataciones o que te ampl\u00ede informaci\u00f3n por tel\u00e9fono o whatsapp en el 677 541 782 (Marisa). Adem\u00e1s, puedes escribirme a martinezesparzamarisa@gmail.com si prefieres que hablemos por &hellip; Leer m\u00e1s \u00abPresupuesto\u00bb","og_url":"https:\/\/www.violinistaparafunerales.com\/index.php\/presupuesto\/","og_site_name":"Violista para funerales","article_modified_time":"2024-09-25T09:11:25+00:00","og_image":[{"url":"https:\/\/www.violinistaparafunerales.com\/wp-content\/uploads\/2024\/09\/Web-funerales-2.jpg","type":"","width":"","height":""}],"twitter_card":"summary_large_image","twitter_misc":{"Tiempo de lectura":"1 minuto"},"schema":{"@context":"https:\/\/schema.org","@graph":[{"@type":"WebPage","@id":"https:\/\/www.violinistaparafunerales.com\/index.php\/presupuesto\/","url":"https:\/\/www.violinistaparafunerales.com\/index.php\/presupuesto\/","name":"Presupuesto - Violista para funerales","isPartOf":{"@id":"https:\/\/www.violinistaparafunerales.com\/#website"},"primaryImageOfPage":{"@id":"https:\/\/www.violinistaparafunerales.com\/index.php\/presupuesto\/#primaryimage"},"image":{"@id":"https:\/\/www.violinistaparafunerales.com\/index.php\/presupuesto\/#primaryimage"},"thumbnailUrl":"https:\/\/www.violinistaparafunerales.com\/wp-content\/uploads\/2024\/09\/Web-funerales-2.jpg","datePublished":"2024-09-10T09:56:54+00:00","dateModified":"2024-09-25T09:11:25+00:00","breadcrumb":{"@id":"https:\/\/www.violinistaparafunerales.com\/index.php\/presupuesto\/#breadcrumb"},"inLanguage":"es","potentialAction":[{"@type":"ReadAction","target":["https:\/\/www.violinistaparafunerales.com\/index.php\/presupuesto\/"]}]},{"@type":"ImageObject","inLanguage":"es","@id":"https:\/\/www.violinistaparafunerales.com\/index.php\/presupuesto\/#primaryimage","url":"https:\/\/www.violinistaparafunerales.com\/wp-content\/uploads\/2024\/09\/Web-funerales-2.jpg","contentUrl":"https:\/\/www.violinistaparafunerales.com\/wp-content\/uploads\/2024\/09\/Web-funerales-2.jpg","width":500,"height":750},{"@type":"BreadcrumbList","@id":"https:\/\/www.violinistaparafunerales.com\/index.php\/presupuesto\/#breadcrumb","itemListElement":[{"@type":"ListItem","position":1,"name":"Portada","item":"https:\/\/www.violinistaparafunerales.com\/"},{"@type":"ListItem","position":2,"name":"Presupuesto"}]},{"@type":"WebSite","@id":"https:\/\/www.violinistaparafunerales.com\/#website","url":"https:\/\/www.violinistaparafunerales.com\/","name":"Violista para funerales","description":"Violinista para funerales en Madrid - Contrata a un m&uacute;sico profesional para ceremonias f&uacute;nebres","publisher":{"@id":"https:\/\/www.violinistaparafunerales.com\/#organization"},"potentialAction":[{"@type":"SearchAction","target":{"@type":"EntryPoint","urlTemplate":"https:\/\/www.violinistaparafunerales.com\/?s={search_term_string}"},"query-input":{"@type":"PropertyValueSpecification","valueRequired":true,"valueName":"search_term_string"}}],"inLanguage":"es"},{"@type":"Organization","@id":"https:\/\/www.violinistaparafunerales.com\/#organization","name":"Violista para funerales","url":"https:\/\/www.violinistaparafunerales.com\/","logo":{"@type":"ImageObject","inLanguage":"es","@id":"https:\/\/www.violinistaparafunerales.com\/#\/schema\/logo\/image\/","url":"https:\/\/www.violinistaparafunerales.com\/wp-content\/uploads\/2024\/09\/logo_violinista_funerales.png","contentUrl":"https:\/\/www.violinistaparafunerales.com\/wp-content\/uploads\/2024\/09\/logo_violinista_funerales.png","width":100,"height":100,"caption":"Violista para funerales"},"image":{"@id":"https:\/\/www.violinistaparafunerales.com\/#\/schema\/logo\/image\/"}}]}},"_links":{"self":[{"href":"https:\/\/www.violinistaparafunerales.com\/index.php\/wp-json\/wp\/v2\/pages\/22","targetHints":{"allow":["GET"]}}],"collection":[{"href":"https:\/\/www.violinistaparafunerales.com\/index.php\/wp-json\/wp\/v2\/pages"}],"about":[{"href":"https:\/\/www.violinistaparafunerales.com\/index.php\/wp-json\/wp\/v2\/types\/page"}],"author":[{"embeddable":true,"href":"https:\/\/www.violinistaparafunerales.com\/index.php\/wp-json\/wp\/v2\/users\/1"}],"replies":[{"embeddable":true,"href":"https:\/\/www.violinistaparafunerales.com\/index.php\/wp-json\/wp\/v2\/comments?post=22"}],"version-history":[{"count":16,"href":"https:\/\/www.violinistaparafunerales.com\/index.php\/wp-json\/wp\/v2\/pages\/22\/revisions"}],"predecessor-version":[{"id":143,"href":"https:\/\/www.violinistaparafunerales.com\/index.php\/wp-json\/wp\/v2\/pages\/22\/revisions\/143"}],"wp:attachment":[{"href":"https:\/\/www.violinistaparafunerales.com\/index.php\/wp-json\/wp\/v2\/media?parent=22"}],"curies":[{"name":"wp","href":"https:\/\/api.w.org\/{rel}","templated":true}]}}